{"id":2881,"date":"2024-07-25T11:38:32","date_gmt":"2024-07-25T09:38:32","guid":{"rendered":"https:\/\/kazaroo.pl\/shop\/?post_type=product&#038;p=2881"},"modified":"2025-02-22T14:04:15","modified_gmt":"2025-02-22T13:04:15","slug":"dont-panic-motyw-dzetowy","status":"publish","type":"product","link":"https:\/\/kazaroo.pl\/shop\/produkt\/dont-panic-motyw-dzetowy\/","title":{"rendered":"DON&#8217;T PANIC"},"content":{"rendered":"","protected":false},"excerpt":{"rendered":"<p>Dodaj blasku swojej garderobie, dzi\u0119ki naszemu wyj\u0105tkowemu motywowi wykonanemu z kryszta\u0142k\u00f3w (d\u017cet\u00f3w). Ten pi\u0119kny motyw to idealny dodatek do r\u00f3\u017cnych element\u00f3w Twojej bluzy lub koszulki. To niezwyk\u0142e ozdoby d\u017cetowe s\u0105 nie tylko pi\u0119kne, ale r\u00f3wnie\u017c trwa\u0142e. Wykorzystanie wysokiej jako\u015bci materia\u0142\u00f3w zapewnia trwa\u0142o\u015b\u0107 i odporno\u015b\u0107 na uszkodzenia, dzi\u0119ki temu mo\u017cna si\u0119 nim cieszy\u0107 ich urokiem przez wiele lat.<\/p>\n<p><em>Produkt prezentowany jest na wizualizacjach, w rzeczywisto\u015bci mo\u017ce minimalnie si\u0119 r\u00f3\u017cni\u0107. Przed zakupem sprawd\u017a rzeczywisty wymiar wzoru i ubrania.<\/em><\/p>\n","protected":false},"featured_media":2964,"template":"","meta":{"site-sidebar-layout":"default","site-content-layout":"default","ast-global-header-display":"","ast-main-header-display":"","ast-hfb-above-header-display":"","ast-hfb-below-header-display":"","ast-hfb-mobile-header-display":"","site-post-title":"","ast-breadcrumbs-content":"","ast-featured-img":"","footer-sml-layout":"","theme-transparent-header-meta":"default","adv-header-id-meta":"","stick-header-meta":"","header-above-stick-meta":"","header-main-stick-meta":"","header-below-stick-meta":""},"product_cat":[74,63,64],"product_tag":[65,70,68,69],"class_list":{"0":"post-2881","1":"product","2":"type-product","3":"status-publish","4":"has-post-thumbnail","6":"product_cat-czaszki-dzety","7":"product_cat-dzety","8":"product_cat-napisy","9":"product_tag-dzety","10":"product_tag-litery","11":"product_tag-motyw-dzetowy","12":"product_tag-napis","13":"desktop-align-left","14":"tablet-align-left","15":"mobile-align-left","17":"first","18":"instock","19":"taxable","20":"shipping-taxable","21":"purchasable","22":"product-type-variable"},"yoast_head":"<!-- This site is optimized with the Yoast SEO plugin v23.5 - https:\/\/yoast.com\/wordpress\/plugins\/seo\/ -->\n<title>DON&#039;T PANIC - Kazaroo - nowy wymiar zdobienia<\/title>\n<meta name=\"description\" content=\"&quot;Don&#039;t Panic&quot; to wyj\u0105tkowy motyw d\u017cetowy, ulicznym stylu. Idealny dla fan\u00f3w miejskiej mody. Zam\u00f3w ju\u017c teraz i wyr\u00f3\u017cnij si\u0119 w t\u0142umie!\" \/>\n<meta name=\"robots\" content=\"index, follow, max-snippet:-1, max-image-preview:large, max-video-preview:-1\" \/>\n<link rel=\"canonical\" href=\"https:\/\/kazaroo.pl\/shop\/produkt\/dont-panic-motyw-dzetowy\/\" \/>\n<meta property=\"og:locale\" content=\"pl_PL\" \/>\n<meta property=\"og:type\" content=\"article\" \/>\n<meta property=\"og:title\" content=\"DON&#039;T PANIC - Kazaroo - nowy wymiar zdobienia\" \/>\n<meta property=\"og:description\" content=\"&quot;Don&#039;t Panic&quot; to wyj\u0105tkowy motyw d\u017cetowy, ulicznym stylu. Idealny dla fan\u00f3w miejskiej mody. Zam\u00f3w ju\u017c teraz i wyr\u00f3\u017cnij si\u0119 w t\u0142umie!\" \/>\n<meta property=\"og:url\" content=\"https:\/\/kazaroo.pl\/shop\/produkt\/dont-panic-motyw-dzetowy\/\" \/>\n<meta property=\"og:site_name\" content=\"Kazaroo - nowy wymiar zdobienia\" \/>\n<meta property=\"article:modified_time\" content=\"2025-02-22T13:04:15+00:00\" \/>\n<meta property=\"og:image\" content=\"https:\/\/kazaroo.pl\/shop\/wp-content\/uploads\/2024\/07\/dont-panic.jpg\" \/>\n\t<meta property=\"og:image:width\" content=\"1000\" \/>\n\t<meta property=\"og:image:height\" content=\"1000\" \/>\n\t<meta property=\"og:image:type\" content=\"image\/jpeg\" \/>\n<meta name=\"twitter:card\" content=\"summary_large_image\" \/>\n<meta name=\"twitter:label1\" content=\"Szacowany czas czytania\" \/>\n\t<meta name=\"twitter:data1\" content=\"1 minuta\" \/>\n<script type=\"application\/ld+json\" class=\"yoast-schema-graph\">{\"@context\":\"https:\/\/schema.org\",\"@graph\":[{\"@type\":\"WebPage\",\"@id\":\"https:\/\/kazaroo.pl\/shop\/produkt\/dont-panic-motyw-dzetowy\/\",\"url\":\"https:\/\/kazaroo.pl\/shop\/produkt\/dont-panic-motyw-dzetowy\/\",\"name\":\"DON'T PANIC - Kazaroo - nowy wymiar zdobienia\",\"isPartOf\":{\"@id\":\"https:\/\/kazaroo.pl\/shop\/#website\"},\"primaryImageOfPage\":{\"@id\":\"https:\/\/kazaroo.pl\/shop\/produkt\/dont-panic-motyw-dzetowy\/#primaryimage\"},\"image\":{\"@id\":\"https:\/\/kazaroo.pl\/shop\/produkt\/dont-panic-motyw-dzetowy\/#primaryimage\"},\"thumbnailUrl\":\"https:\/\/kazaroo.pl\/shop\/wp-content\/uploads\/2024\/07\/dont-panic.jpg\",\"datePublished\":\"2024-07-25T09:38:32+00:00\",\"dateModified\":\"2025-02-22T13:04:15+00:00\",\"description\":\"\\\"Don't Panic\\\" to wyj\u0105tkowy motyw d\u017cetowy, ulicznym stylu. Idealny dla fan\u00f3w miejskiej mody. Zam\u00f3w ju\u017c teraz i wyr\u00f3\u017cnij si\u0119 w t\u0142umie!\",\"breadcrumb\":{\"@id\":\"https:\/\/kazaroo.pl\/shop\/produkt\/dont-panic-motyw-dzetowy\/#breadcrumb\"},\"inLanguage\":\"pl-PL\",\"potentialAction\":[{\"@type\":\"ReadAction\",\"target\":[\"https:\/\/kazaroo.pl\/shop\/produkt\/dont-panic-motyw-dzetowy\/\"]}]},{\"@type\":\"ImageObject\",\"inLanguage\":\"pl-PL\",\"@id\":\"https:\/\/kazaroo.pl\/shop\/produkt\/dont-panic-motyw-dzetowy\/#primaryimage\",\"url\":\"https:\/\/kazaroo.pl\/shop\/wp-content\/uploads\/2024\/07\/dont-panic.jpg\",\"contentUrl\":\"https:\/\/kazaroo.pl\/shop\/wp-content\/uploads\/2024\/07\/dont-panic.jpg\",\"width\":1000,\"height\":1000},{\"@type\":\"BreadcrumbList\",\"@id\":\"https:\/\/kazaroo.pl\/shop\/produkt\/dont-panic-motyw-dzetowy\/#breadcrumb\",\"itemListElement\":[{\"@type\":\"ListItem\",\"position\":1,\"name\":\"Strona g\u0142\u00f3wna\",\"item\":\"https:\/\/kazaroo.pl\/shop\/\"},{\"@type\":\"ListItem\",\"position\":2,\"name\":\"Sklep\",\"item\":\"https:\/\/kazaroo.pl\/shop\/wzory\/\"},{\"@type\":\"ListItem\",\"position\":3,\"name\":\"DON&#8217;T PANIC\"}]},{\"@type\":\"WebSite\",\"@id\":\"https:\/\/kazaroo.pl\/shop\/#website\",\"url\":\"https:\/\/kazaroo.pl\/shop\/\",\"name\":\"Kazaroo - nowy wymiar zdobienia\",\"description\":\"Wzory \",\"publisher\":{\"@id\":\"https:\/\/kazaroo.pl\/shop\/#organization\"},\"potentialAction\":[{\"@type\":\"SearchAction\",\"target\":{\"@type\":\"EntryPoint\",\"urlTemplate\":\"https:\/\/kazaroo.pl\/shop\/?s={search_term_string}\"},\"query-input\":{\"@type\":\"PropertyValueSpecification\",\"valueRequired\":true,\"valueName\":\"search_term_string\"}}],\"inLanguage\":\"pl-PL\"},{\"@type\":\"Organization\",\"@id\":\"https:\/\/kazaroo.pl\/shop\/#organization\",\"name\":\"Kazaroo - motywy d\u017cetowe | druk dtf | znakowanie foli\u0105 flex i flock\",\"url\":\"https:\/\/kazaroo.pl\/shop\/\",\"logo\":{\"@type\":\"ImageObject\",\"inLanguage\":\"pl-PL\",\"@id\":\"https:\/\/kazaroo.pl\/shop\/#\/schema\/logo\/image\/\",\"url\":\"https:\/\/kazaroo.pl\/shop\/wp-content\/uploads\/2021\/07\/Kazaroo-logo-fina-05.svg\",\"contentUrl\":\"https:\/\/kazaroo.pl\/shop\/wp-content\/uploads\/2021\/07\/Kazaroo-logo-fina-05.svg\",\"width\":116,\"height\":97,\"caption\":\"Kazaroo - motywy d\u017cetowe | druk dtf | znakowanie foli\u0105 flex i flock\"},\"image\":{\"@id\":\"https:\/\/kazaroo.pl\/shop\/#\/schema\/logo\/image\/\"},\"sameAs\":[\"https:\/\/www.instagram.com\/kazaroo_shop\"]}]}<\/script>\n<!-- \/ Yoast SEO plugin. -->","yoast_head_json":{"title":"DON'T PANIC - Kazaroo - nowy wymiar zdobienia","description":"\"Don't Panic\" to wyj\u0105tkowy motyw d\u017cetowy, ulicznym stylu. Idealny dla fan\u00f3w miejskiej mody. Zam\u00f3w ju\u017c teraz i wyr\u00f3\u017cnij si\u0119 w t\u0142umie!","robots":{"index":"index","follow":"follow","max-snippet":"max-snippet:-1","max-image-preview":"max-image-preview:large","max-video-preview":"max-video-preview:-1"},"canonical":"https:\/\/kazaroo.pl\/shop\/produkt\/dont-panic-motyw-dzetowy\/","og_locale":"pl_PL","og_type":"article","og_title":"DON'T PANIC - Kazaroo - nowy wymiar zdobienia","og_description":"\"Don't Panic\" to wyj\u0105tkowy motyw d\u017cetowy, ulicznym stylu. Idealny dla fan\u00f3w miejskiej mody. Zam\u00f3w ju\u017c teraz i wyr\u00f3\u017cnij si\u0119 w t\u0142umie!","og_url":"https:\/\/kazaroo.pl\/shop\/produkt\/dont-panic-motyw-dzetowy\/","og_site_name":"Kazaroo - nowy wymiar zdobienia","article_modified_time":"2025-02-22T13:04:15+00:00","og_image":[{"width":1000,"height":1000,"url":"https:\/\/kazaroo.pl\/shop\/wp-content\/uploads\/2024\/07\/dont-panic.jpg","type":"image\/jpeg"}],"twitter_card":"summary_large_image","twitter_misc":{"Szacowany czas czytania":"1 minuta"},"schema":{"@context":"https:\/\/schema.org","@graph":[{"@type":"WebPage","@id":"https:\/\/kazaroo.pl\/shop\/produkt\/dont-panic-motyw-dzetowy\/","url":"https:\/\/kazaroo.pl\/shop\/produkt\/dont-panic-motyw-dzetowy\/","name":"DON'T PANIC - Kazaroo - nowy wymiar zdobienia","isPartOf":{"@id":"https:\/\/kazaroo.pl\/shop\/#website"},"primaryImageOfPage":{"@id":"https:\/\/kazaroo.pl\/shop\/produkt\/dont-panic-motyw-dzetowy\/#primaryimage"},"image":{"@id":"https:\/\/kazaroo.pl\/shop\/produkt\/dont-panic-motyw-dzetowy\/#primaryimage"},"thumbnailUrl":"https:\/\/kazaroo.pl\/shop\/wp-content\/uploads\/2024\/07\/dont-panic.jpg","datePublished":"2024-07-25T09:38:32+00:00","dateModified":"2025-02-22T13:04:15+00:00","description":"\"Don't Panic\" to wyj\u0105tkowy motyw d\u017cetowy, ulicznym stylu. Idealny dla fan\u00f3w miejskiej mody. Zam\u00f3w ju\u017c teraz i wyr\u00f3\u017cnij si\u0119 w t\u0142umie!","breadcrumb":{"@id":"https:\/\/kazaroo.pl\/shop\/produkt\/dont-panic-motyw-dzetowy\/#breadcrumb"},"inLanguage":"pl-PL","potentialAction":[{"@type":"ReadAction","target":["https:\/\/kazaroo.pl\/shop\/produkt\/dont-panic-motyw-dzetowy\/"]}]},{"@type":"ImageObject","inLanguage":"pl-PL","@id":"https:\/\/kazaroo.pl\/shop\/produkt\/dont-panic-motyw-dzetowy\/#primaryimage","url":"https:\/\/kazaroo.pl\/shop\/wp-content\/uploads\/2024\/07\/dont-panic.jpg","contentUrl":"https:\/\/kazaroo.pl\/shop\/wp-content\/uploads\/2024\/07\/dont-panic.jpg","width":1000,"height":1000},{"@type":"BreadcrumbList","@id":"https:\/\/kazaroo.pl\/shop\/produkt\/dont-panic-motyw-dzetowy\/#breadcrumb","itemListElement":[{"@type":"ListItem","position":1,"name":"Strona g\u0142\u00f3wna","item":"https:\/\/kazaroo.pl\/shop\/"},{"@type":"ListItem","position":2,"name":"Sklep","item":"https:\/\/kazaroo.pl\/shop\/wzory\/"},{"@type":"ListItem","position":3,"name":"DON&#8217;T PANIC"}]},{"@type":"WebSite","@id":"https:\/\/kazaroo.pl\/shop\/#website","url":"https:\/\/kazaroo.pl\/shop\/","name":"Kazaroo - nowy wymiar zdobienia","description":"Wzory ","publisher":{"@id":"https:\/\/kazaroo.pl\/shop\/#organization"},"potentialAction":[{"@type":"SearchAction","target":{"@type":"EntryPoint","urlTemplate":"https:\/\/kazaroo.pl\/shop\/?s={search_term_string}"},"query-input":{"@type":"PropertyValueSpecification","valueRequired":true,"valueName":"search_term_string"}}],"inLanguage":"pl-PL"},{"@type":"Organization","@id":"https:\/\/kazaroo.pl\/shop\/#organization","name":"Kazaroo - motywy d\u017cetowe | druk dtf | znakowanie foli\u0105 flex i flock","url":"https:\/\/kazaroo.pl\/shop\/","logo":{"@type":"ImageObject","inLanguage":"pl-PL","@id":"https:\/\/kazaroo.pl\/shop\/#\/schema\/logo\/image\/","url":"https:\/\/kazaroo.pl\/shop\/wp-content\/uploads\/2021\/07\/Kazaroo-logo-fina-05.svg","contentUrl":"https:\/\/kazaroo.pl\/shop\/wp-content\/uploads\/2021\/07\/Kazaroo-logo-fina-05.svg","width":116,"height":97,"caption":"Kazaroo - motywy d\u017cetowe | druk dtf | znakowanie foli\u0105 flex i flock"},"image":{"@id":"https:\/\/kazaroo.pl\/shop\/#\/schema\/logo\/image\/"},"sameAs":["https:\/\/www.instagram.com\/kazaroo_shop"]}]}},"_links":{"self":[{"href":"https:\/\/kazaroo.pl\/shop\/wp-json\/wp\/v2\/product\/2881","targetHints":{"allow":["GET"]}}],"collection":[{"href":"https:\/\/kazaroo.pl\/shop\/wp-json\/wp\/v2\/product"}],"about":[{"href":"https:\/\/kazaroo.pl\/shop\/wp-json\/wp\/v2\/types\/product"}],"wp:featuredmedia":[{"embeddable":true,"href":"https:\/\/kazaroo.pl\/shop\/wp-json\/wp\/v2\/media\/2964"}],"wp:attachment":[{"href":"https:\/\/kazaroo.pl\/shop\/wp-json\/wp\/v2\/media?parent=2881"}],"wp:term":[{"taxonomy":"product_cat","embeddable":true,"href":"https:\/\/kazaroo.pl\/shop\/wp-json\/wp\/v2\/product_cat?post=2881"},{"taxonomy":"product_tag","embeddable":true,"href":"https:\/\/kazaroo.pl\/shop\/wp-json\/wp\/v2\/product_tag?post=2881"}],"curies":[{"name":"wp","href":"https:\/\/api.w.org\/{rel}","templated":true}]}}