{"id":2733,"date":"2024-07-25T11:22:45","date_gmt":"2024-07-25T09:22:45","guid":{"rendered":"https:\/\/kazaroo.pl\/shop\/?post_type=product&#038;p=2733"},"modified":"2025-02-22T14:15:00","modified_gmt":"2025-02-22T13:15:00","slug":"cyber-panda-druk-dtf","status":"publish","type":"product","link":"https:\/\/kazaroo.pl\/shop\/produkt\/cyber-panda-druk-dtf\/","title":{"rendered":"CYBER PANDA"},"content":{"rendered":"","protected":false},"excerpt":{"rendered":"<p><span data-sheets-root=\"1\" data-sheets-value=\"{&quot;1&quot;:2,&quot;2&quot;:&quot;O\u017cyw swoj\u0105 garderob\u0119 wyj\u0105tkowym motywem wykonanym w technologii druku DTF! Ten innowacyjny proces druku cyfrowego pozwala na tworzenie niezwykle detalicznych i kolorowych wzor\u00f3w, kt\u00f3re b\u0119d\u0105 si\u0119 wyr\u00f3\u017cnia\u0107 na Twoich ubraniach.nnDruk DTF zapewnia nie tylko wyj\u0105tkow\u0105 jako\u015b\u0107, ale tak\u017ce trwa\u0142o\u015b\u0107. Wzory wykonane w tej technologii s\u0105 odporne na \u015bcieranie i blakni\u0119cie, dzi\u0119ki czemu mo\u017cesz cieszy\u0107 si\u0119 ich pi\u0119knem przez d\u0142ugie lata.n&quot;}\" data-sheets-userformat=\"{&quot;2&quot;:769,&quot;3&quot;:{&quot;1&quot;:0},&quot;11&quot;:4,&quot;12&quot;:0}\">O\u017cyw swoj\u0105 garderob\u0119 wyj\u0105tkowym motywem wykonanym w technologii druku DTF! Ten innowacyjny proces druku cyfrowego pozwala na tworzenie niezwykle detalicznych i kolorowych wzor\u00f3w, kt\u00f3re b\u0119d\u0105 si\u0119 wyr\u00f3\u017cnia\u0107 na Twoich ubraniach.<\/span><\/p>\n<p>Druk DTF zapewnia nie tylko wyj\u0105tkow\u0105 jako\u015b\u0107, ale tak\u017ce trwa\u0142o\u015b\u0107. Wzory wykonane w tej technologii s\u0105 odporne na \u015bcieranie i blakni\u0119cie, dzi\u0119ki czemu mo\u017cesz cieszy\u0107 si\u0119 ich pi\u0119knem przez d\u0142ugie lata.<\/p>\n<p><em>Produkt prezentowany jest na wizualizacjach, w rzeczywisto\u015bci mo\u017ce minimalnie si\u0119 r\u00f3\u017cni\u0107. Przed zakupem sprawd\u017a rzeczywisty wymiar wzoru i ubrania.<\/em><\/p>\n","protected":false},"featured_media":2806,"template":"","meta":{"site-sidebar-layout":"default","site-content-layout":"default","ast-global-header-display":"","ast-main-header-display":"","ast-hfb-above-header-display":"","ast-hfb-below-header-display":"","ast-hfb-mobile-header-display":"","site-post-title":"","ast-breadcrumbs-content":"","ast-featured-img":"","footer-sml-layout":"","theme-transparent-header-meta":"default","adv-header-id-meta":"","stick-header-meta":"","header-above-stick-meta":"","header-main-stick-meta":"","header-below-stick-meta":""},"product_cat":[43,60,62],"product_tag":[77,84,85],"class_list":{"0":"post-2733","1":"product","2":"type-product","3":"status-publish","4":"has-post-thumbnail","6":"product_cat-dtf","7":"product_cat-miski","8":"product_cat-zwierzaki-dtf","9":"product_tag-druk-dtf","10":"product_tag-panda","11":"product_tag-zwierzaki","12":"desktop-align-left","13":"tablet-align-left","14":"mobile-align-left","16":"first","17":"instock","18":"taxable","19":"shipping-taxable","20":"purchasable","21":"product-type-variable"},"yoast_head":"<!-- This site is optimized with the Yoast SEO plugin v23.5 - https:\/\/yoast.com\/wordpress\/plugins\/seo\/ -->\n<title>CYBER PANDA - Kazaroo - nowy wymiar zdobienia<\/title>\n<meta name=\"description\" content=\"Cyber Panda to nadruk nie tylko dla mi\u0142o\u015bnik\u00f3w gier i komiks\u00f3w. Nasz najwy\u017cszej jako\u015bci druk DTF to synonim trwa\u0142o\u015bci i odporno\u015bci na pranie. Sprawd\u017a sam\" \/>\n<meta name=\"robots\" content=\"index, follow, max-snippet:-1, max-image-preview:large, max-video-preview:-1\" \/>\n<link rel=\"canonical\" href=\"https:\/\/kazaroo.pl\/shop\/produkt\/cyber-panda-druk-dtf\/\" \/>\n<meta property=\"og:locale\" content=\"pl_PL\" \/>\n<meta property=\"og:type\" content=\"article\" \/>\n<meta property=\"og:title\" content=\"CYBER PANDA - Kazaroo - nowy wymiar zdobienia\" \/>\n<meta property=\"og:description\" content=\"Cyber Panda to nadruk nie tylko dla mi\u0142o\u015bnik\u00f3w gier i komiks\u00f3w. Nasz najwy\u017cszej jako\u015bci druk DTF to synonim trwa\u0142o\u015bci i odporno\u015bci na pranie. Sprawd\u017a sam\" \/>\n<meta property=\"og:url\" content=\"https:\/\/kazaroo.pl\/shop\/produkt\/cyber-panda-druk-dtf\/\" \/>\n<meta property=\"og:site_name\" content=\"Kazaroo - nowy wymiar zdobienia\" \/>\n<meta property=\"article:modified_time\" content=\"2025-02-22T13:15:00+00:00\" \/>\n<meta property=\"og:image\" content=\"https:\/\/kazaroo.pl\/shop\/wp-content\/uploads\/2024\/07\/cyber-panda-dtf.jpg\" \/>\n\t<meta property=\"og:image:width\" content=\"1000\" \/>\n\t<meta property=\"og:image:height\" content=\"1000\" \/>\n\t<meta property=\"og:image:type\" content=\"image\/jpeg\" \/>\n<meta name=\"twitter:card\" content=\"summary_large_image\" \/>\n<meta name=\"twitter:label1\" content=\"Szacowany czas czytania\" \/>\n\t<meta name=\"twitter:data1\" content=\"1 minuta\" \/>\n<script type=\"application\/ld+json\" class=\"yoast-schema-graph\">{\"@context\":\"https:\/\/schema.org\",\"@graph\":[{\"@type\":\"WebPage\",\"@id\":\"https:\/\/kazaroo.pl\/shop\/produkt\/cyber-panda-druk-dtf\/\",\"url\":\"https:\/\/kazaroo.pl\/shop\/produkt\/cyber-panda-druk-dtf\/\",\"name\":\"CYBER PANDA - Kazaroo - nowy wymiar zdobienia\",\"isPartOf\":{\"@id\":\"https:\/\/kazaroo.pl\/shop\/#website\"},\"primaryImageOfPage\":{\"@id\":\"https:\/\/kazaroo.pl\/shop\/produkt\/cyber-panda-druk-dtf\/#primaryimage\"},\"image\":{\"@id\":\"https:\/\/kazaroo.pl\/shop\/produkt\/cyber-panda-druk-dtf\/#primaryimage\"},\"thumbnailUrl\":\"https:\/\/kazaroo.pl\/shop\/wp-content\/uploads\/2024\/07\/cyber-panda-dtf.jpg\",\"datePublished\":\"2024-07-25T09:22:45+00:00\",\"dateModified\":\"2025-02-22T13:15:00+00:00\",\"description\":\"Cyber Panda to nadruk nie tylko dla mi\u0142o\u015bnik\u00f3w gier i komiks\u00f3w. Nasz najwy\u017cszej jako\u015bci druk DTF to synonim trwa\u0142o\u015bci i odporno\u015bci na pranie. Sprawd\u017a sam\",\"breadcrumb\":{\"@id\":\"https:\/\/kazaroo.pl\/shop\/produkt\/cyber-panda-druk-dtf\/#breadcrumb\"},\"inLanguage\":\"pl-PL\",\"potentialAction\":[{\"@type\":\"ReadAction\",\"target\":[\"https:\/\/kazaroo.pl\/shop\/produkt\/cyber-panda-druk-dtf\/\"]}]},{\"@type\":\"ImageObject\",\"inLanguage\":\"pl-PL\",\"@id\":\"https:\/\/kazaroo.pl\/shop\/produkt\/cyber-panda-druk-dtf\/#primaryimage\",\"url\":\"https:\/\/kazaroo.pl\/shop\/wp-content\/uploads\/2024\/07\/cyber-panda-dtf.jpg\",\"contentUrl\":\"https:\/\/kazaroo.pl\/shop\/wp-content\/uploads\/2024\/07\/cyber-panda-dtf.jpg\",\"width\":1000,\"height\":1000},{\"@type\":\"BreadcrumbList\",\"@id\":\"https:\/\/kazaroo.pl\/shop\/produkt\/cyber-panda-druk-dtf\/#breadcrumb\",\"itemListElement\":[{\"@type\":\"ListItem\",\"position\":1,\"name\":\"Strona g\u0142\u00f3wna\",\"item\":\"https:\/\/kazaroo.pl\/shop\/\"},{\"@type\":\"ListItem\",\"position\":2,\"name\":\"Sklep\",\"item\":\"https:\/\/kazaroo.pl\/shop\/wzory\/\"},{\"@type\":\"ListItem\",\"position\":3,\"name\":\"CYBER PANDA\"}]},{\"@type\":\"WebSite\",\"@id\":\"https:\/\/kazaroo.pl\/shop\/#website\",\"url\":\"https:\/\/kazaroo.pl\/shop\/\",\"name\":\"Kazaroo - nowy wymiar zdobienia\",\"description\":\"Wzory \",\"publisher\":{\"@id\":\"https:\/\/kazaroo.pl\/shop\/#organization\"},\"potentialAction\":[{\"@type\":\"SearchAction\",\"target\":{\"@type\":\"EntryPoint\",\"urlTemplate\":\"https:\/\/kazaroo.pl\/shop\/?s={search_term_string}\"},\"query-input\":{\"@type\":\"PropertyValueSpecification\",\"valueRequired\":true,\"valueName\":\"search_term_string\"}}],\"inLanguage\":\"pl-PL\"},{\"@type\":\"Organization\",\"@id\":\"https:\/\/kazaroo.pl\/shop\/#organization\",\"name\":\"Kazaroo - motywy d\u017cetowe | druk dtf | znakowanie foli\u0105 flex i flock\",\"url\":\"https:\/\/kazaroo.pl\/shop\/\",\"logo\":{\"@type\":\"ImageObject\",\"inLanguage\":\"pl-PL\",\"@id\":\"https:\/\/kazaroo.pl\/shop\/#\/schema\/logo\/image\/\",\"url\":\"https:\/\/kazaroo.pl\/shop\/wp-content\/uploads\/2021\/07\/Kazaroo-logo-fina-05.svg\",\"contentUrl\":\"https:\/\/kazaroo.pl\/shop\/wp-content\/uploads\/2021\/07\/Kazaroo-logo-fina-05.svg\",\"width\":116,\"height\":97,\"caption\":\"Kazaroo - motywy d\u017cetowe | druk dtf | znakowanie foli\u0105 flex i flock\"},\"image\":{\"@id\":\"https:\/\/kazaroo.pl\/shop\/#\/schema\/logo\/image\/\"},\"sameAs\":[\"https:\/\/www.instagram.com\/kazaroo_shop\"]}]}<\/script>\n<!-- \/ Yoast SEO plugin. -->","yoast_head_json":{"title":"CYBER PANDA - Kazaroo - nowy wymiar zdobienia","description":"Cyber Panda to nadruk nie tylko dla mi\u0142o\u015bnik\u00f3w gier i komiks\u00f3w. Nasz najwy\u017cszej jako\u015bci druk DTF to synonim trwa\u0142o\u015bci i odporno\u015bci na pranie. Sprawd\u017a sam","robots":{"index":"index","follow":"follow","max-snippet":"max-snippet:-1","max-image-preview":"max-image-preview:large","max-video-preview":"max-video-preview:-1"},"canonical":"https:\/\/kazaroo.pl\/shop\/produkt\/cyber-panda-druk-dtf\/","og_locale":"pl_PL","og_type":"article","og_title":"CYBER PANDA - Kazaroo - nowy wymiar zdobienia","og_description":"Cyber Panda to nadruk nie tylko dla mi\u0142o\u015bnik\u00f3w gier i komiks\u00f3w. Nasz najwy\u017cszej jako\u015bci druk DTF to synonim trwa\u0142o\u015bci i odporno\u015bci na pranie. Sprawd\u017a sam","og_url":"https:\/\/kazaroo.pl\/shop\/produkt\/cyber-panda-druk-dtf\/","og_site_name":"Kazaroo - nowy wymiar zdobienia","article_modified_time":"2025-02-22T13:15:00+00:00","og_image":[{"width":1000,"height":1000,"url":"https:\/\/kazaroo.pl\/shop\/wp-content\/uploads\/2024\/07\/cyber-panda-dtf.jpg","type":"image\/jpeg"}],"twitter_card":"summary_large_image","twitter_misc":{"Szacowany czas czytania":"1 minuta"},"schema":{"@context":"https:\/\/schema.org","@graph":[{"@type":"WebPage","@id":"https:\/\/kazaroo.pl\/shop\/produkt\/cyber-panda-druk-dtf\/","url":"https:\/\/kazaroo.pl\/shop\/produkt\/cyber-panda-druk-dtf\/","name":"CYBER PANDA - Kazaroo - nowy wymiar zdobienia","isPartOf":{"@id":"https:\/\/kazaroo.pl\/shop\/#website"},"primaryImageOfPage":{"@id":"https:\/\/kazaroo.pl\/shop\/produkt\/cyber-panda-druk-dtf\/#primaryimage"},"image":{"@id":"https:\/\/kazaroo.pl\/shop\/produkt\/cyber-panda-druk-dtf\/#primaryimage"},"thumbnailUrl":"https:\/\/kazaroo.pl\/shop\/wp-content\/uploads\/2024\/07\/cyber-panda-dtf.jpg","datePublished":"2024-07-25T09:22:45+00:00","dateModified":"2025-02-22T13:15:00+00:00","description":"Cyber Panda to nadruk nie tylko dla mi\u0142o\u015bnik\u00f3w gier i komiks\u00f3w. Nasz najwy\u017cszej jako\u015bci druk DTF to synonim trwa\u0142o\u015bci i odporno\u015bci na pranie. Sprawd\u017a sam","breadcrumb":{"@id":"https:\/\/kazaroo.pl\/shop\/produkt\/cyber-panda-druk-dtf\/#breadcrumb"},"inLanguage":"pl-PL","potentialAction":[{"@type":"ReadAction","target":["https:\/\/kazaroo.pl\/shop\/produkt\/cyber-panda-druk-dtf\/"]}]},{"@type":"ImageObject","inLanguage":"pl-PL","@id":"https:\/\/kazaroo.pl\/shop\/produkt\/cyber-panda-druk-dtf\/#primaryimage","url":"https:\/\/kazaroo.pl\/shop\/wp-content\/uploads\/2024\/07\/cyber-panda-dtf.jpg","contentUrl":"https:\/\/kazaroo.pl\/shop\/wp-content\/uploads\/2024\/07\/cyber-panda-dtf.jpg","width":1000,"height":1000},{"@type":"BreadcrumbList","@id":"https:\/\/kazaroo.pl\/shop\/produkt\/cyber-panda-druk-dtf\/#breadcrumb","itemListElement":[{"@type":"ListItem","position":1,"name":"Strona g\u0142\u00f3wna","item":"https:\/\/kazaroo.pl\/shop\/"},{"@type":"ListItem","position":2,"name":"Sklep","item":"https:\/\/kazaroo.pl\/shop\/wzory\/"},{"@type":"ListItem","position":3,"name":"CYBER PANDA"}]},{"@type":"WebSite","@id":"https:\/\/kazaroo.pl\/shop\/#website","url":"https:\/\/kazaroo.pl\/shop\/","name":"Kazaroo - nowy wymiar zdobienia","description":"Wzory ","publisher":{"@id":"https:\/\/kazaroo.pl\/shop\/#organization"},"potentialAction":[{"@type":"SearchAction","target":{"@type":"EntryPoint","urlTemplate":"https:\/\/kazaroo.pl\/shop\/?s={search_term_string}"},"query-input":{"@type":"PropertyValueSpecification","valueRequired":true,"valueName":"search_term_string"}}],"inLanguage":"pl-PL"},{"@type":"Organization","@id":"https:\/\/kazaroo.pl\/shop\/#organization","name":"Kazaroo - motywy d\u017cetowe | druk dtf | znakowanie foli\u0105 flex i flock","url":"https:\/\/kazaroo.pl\/shop\/","logo":{"@type":"ImageObject","inLanguage":"pl-PL","@id":"https:\/\/kazaroo.pl\/shop\/#\/schema\/logo\/image\/","url":"https:\/\/kazaroo.pl\/shop\/wp-content\/uploads\/2021\/07\/Kazaroo-logo-fina-05.svg","contentUrl":"https:\/\/kazaroo.pl\/shop\/wp-content\/uploads\/2021\/07\/Kazaroo-logo-fina-05.svg","width":116,"height":97,"caption":"Kazaroo - motywy d\u017cetowe | druk dtf | znakowanie foli\u0105 flex i flock"},"image":{"@id":"https:\/\/kazaroo.pl\/shop\/#\/schema\/logo\/image\/"},"sameAs":["https:\/\/www.instagram.com\/kazaroo_shop"]}]}},"_links":{"self":[{"href":"https:\/\/kazaroo.pl\/shop\/wp-json\/wp\/v2\/product\/2733","targetHints":{"allow":["GET"]}}],"collection":[{"href":"https:\/\/kazaroo.pl\/shop\/wp-json\/wp\/v2\/product"}],"about":[{"href":"https:\/\/kazaroo.pl\/shop\/wp-json\/wp\/v2\/types\/product"}],"wp:featuredmedia":[{"embeddable":true,"href":"https:\/\/kazaroo.pl\/shop\/wp-json\/wp\/v2\/media\/2806"}],"wp:attachment":[{"href":"https:\/\/kazaroo.pl\/shop\/wp-json\/wp\/v2\/media?parent=2733"}],"wp:term":[{"taxonomy":"product_cat","embeddable":true,"href":"https:\/\/kazaroo.pl\/shop\/wp-json\/wp\/v2\/product_cat?post=2733"},{"taxonomy":"product_tag","embeddable":true,"href":"https:\/\/kazaroo.pl\/shop\/wp-json\/wp\/v2\/product_tag?post=2733"}],"curies":[{"name":"wp","href":"https:\/\/api.w.org\/{rel}","templated":true}]}}