{"id":3098,"date":"2024-10-29T18:31:48","date_gmt":"2024-10-29T17:31:48","guid":{"rendered":"https:\/\/kazaroo.pl\/shop\/?page_id=3098"},"modified":"2024-10-29T18:31:48","modified_gmt":"2024-10-29T17:31:48","slug":"formularz-zwrotu","status":"publish","type":"page","link":"https:\/\/kazaroo.pl\/shop\/formularz-zwrotu\/","title":{"rendered":"Formularz zwrotu"},"content":{"rendered":"\n<p><\/p>\n\n\n\n<div class=\"wpcf7 no-js\" id=\"wpcf7-f3096-o1\" lang=\"pl-PL\" dir=\"ltr\">\n<div class=\"screen-reader-response\"><p role=\"status\" aria-live=\"polite\" aria-atomic=\"true\"><\/p> <ul><\/ul><\/div>\n<form action=\"\/shop\/wp-json\/wp\/v2\/pages\/3098#wpcf7-f3096-o1\" method=\"post\" class=\"wpcf7-form init\" aria-label=\"Formularz kontaktowy\" enctype=\"multipart\/form-data\" novalidate=\"novalidate\" data-status=\"init\">\n<div style=\"display: none;\">\n<input type=\"hidden\" name=\"_wpcf7\" value=\"3096\" \/>\n<input type=\"hidden\" name=\"_wpcf7_version\" value=\"5.9.8\" \/>\n<input type=\"hidden\" name=\"_wpcf7_locale\" value=\"pl_PL\" \/>\n<input type=\"hidden\" name=\"_wpcf7_unit_tag\" value=\"wpcf7-f3096-o1\" \/>\n<input type=\"hidden\" name=\"_wpcf7_container_post\" value=\"0\" \/>\n<input type=\"hidden\" name=\"_wpcf7_posted_data_hash\" value=\"\" \/>\n<\/div>\n<p><label> Twoje imi\u0119 i nazwisko<br \/>\n<span class=\"wpcf7-form-control-wrap\" data-name=\"your-name\"><input size=\"40\" maxlength=\"400\" class=\"wpcf7-form-control wpcf7-text wpcf7-validates-as-required\" autocomplete=\"name\" aria-required=\"true\" aria-invalid=\"false\" placeholder=\"Podaj imi\u0119 i nazwisko\" value=\"\" type=\"text\" name=\"your-name\" \/><\/span> <\/label>\n<\/p>\n<p><label> Numer zam\u00f3wienia<br \/>\n<span class=\"wpcf7-form-control-wrap\" data-name=\"order-number\"><input size=\"40\" maxlength=\"400\" class=\"wpcf7-form-control wpcf7-text wpcf7-validates-as-required\" autocomplete=\"name\" aria-required=\"true\" aria-invalid=\"false\" placeholder=\"Podaj numer zam\u00f3wienia\" value=\"\" type=\"text\" name=\"order-number\" \/><\/span> <\/label>\n<\/p>\n<p><label> E-mail<br \/>\n<span class=\"wpcf7-form-control-wrap\" data-name=\"your-email\"><input size=\"40\" maxlength=\"400\" class=\"wpcf7-form-control wpcf7-email wpcf7-validates-as-required wpcf7-text wpcf7-validates-as-email\" autocomplete=\"email\" aria-required=\"true\" aria-invalid=\"false\" placeholder=\"Podaj adres e-mail\" value=\"\" type=\"email\" name=\"your-email\" \/><\/span> <\/label>\n<\/p>\n<p><label> Numer telefonu<br \/>\n<span class=\"wpcf7-form-control-wrap\" data-name=\"your-number\"><input size=\"40\" maxlength=\"400\" class=\"wpcf7-form-control wpcf7-tel wpcf7-validates-as-required wpcf7-text wpcf7-validates-as-tel\" autocomplete=\"email\" aria-required=\"true\" aria-invalid=\"false\" placeholder=\"Podaj numer telefonu\" value=\"\" type=\"tel\" name=\"your-number\" \/><\/span> <\/label>\n<\/p>\n<p><label> Opis<br \/>\n<span class=\"wpcf7-form-control-wrap\" data-name=\"your-message\"><textarea cols=\"40\" rows=\"10\" maxlength=\"2000\" class=\"wpcf7-form-control wpcf7-textarea wpcf7-validates-as-required\" aria-required=\"true\" aria-invalid=\"false\" placeholder=\"Opisz kr\u00f3tko problem z zam\u00f3wieniem\" name=\"your-message\"><\/textarea><\/span> <\/label>\n<\/p>\n<p><label> Je\u015bli mo\u017cesz dodaj zdj\u0119cia produku<br \/>\n<span class=\"wpcf7-form-control-wrap\" data-name=\"file-386\"><input size=\"40\" class=\"wpcf7-form-control wpcf7-file\" accept=\"audio\/*,video\/*,image\/*\" aria-invalid=\"false\" type=\"file\" name=\"file-386\" \/><\/span><br \/>\n<\/label>\n<\/p>\n<p><input class=\"wpcf7-form-control wpcf7-submit has-spinner\" type=\"submit\" value=\"Wy\u015blij\" \/>\n<\/p><div class=\"wpcf7-response-output\" aria-hidden=\"true\"><\/div>\n<\/form>\n<\/div>\n\n\n\n\n<p><\/p>\n\n\n\n<p><\/p>\n","protected":false},"excerpt":{"rendered":"","protected":false},"author":1,"featured_media":0,"parent":0,"menu_order":0,"comment_status":"closed","ping_status":"closed","template":"","meta":{"site-sidebar-layout":"default","site-content-layout":"default","ast-global-header-display":"","ast-main-header-display":"","ast-hfb-above-header-display":"","ast-hfb-below-header-display":"","ast-hfb-mobile-header-display":"","site-post-title":"","ast-breadcrumbs-content":"","ast-featured-img":"","footer-sml-layout":"","theme-transparent-header-meta":"","adv-header-id-meta":"","stick-header-meta":"","header-above-stick-meta":"","header-main-stick-meta":"","header-below-stick-meta":"","footnotes":""},"class_list":["post-3098","page","type-page","status-publish","hentry"],"yoast_head":"<!-- This site is optimized with the Yoast SEO plugin v23.5 - https:\/\/yoast.com\/wordpress\/plugins\/seo\/ -->\n<title>Formularz zwrotu - Kazaroo - nowy wymiar zdobienia<\/title>\n<meta name=\"robots\" content=\"index, follow, max-snippet:-1, max-image-preview:large, max-video-preview:-1\" \/>\n<link rel=\"canonical\" href=\"https:\/\/kazaroo.pl\/shop\/formularz-zwrotu\/\" \/>\n<meta property=\"og:locale\" content=\"pl_PL\" \/>\n<meta property=\"og:type\" content=\"article\" \/>\n<meta property=\"og:title\" content=\"Formularz zwrotu - Kazaroo - nowy wymiar zdobienia\" \/>\n<meta property=\"og:url\" content=\"https:\/\/kazaroo.pl\/shop\/formularz-zwrotu\/\" \/>\n<meta property=\"og:site_name\" content=\"Kazaroo - nowy wymiar zdobienia\" \/>\n<meta name=\"twitter:card\" content=\"summary_large_image\" \/>\n<meta name=\"twitter:label1\" content=\"Szacowany czas czytania\" \/>\n\t<meta name=\"twitter:data1\" content=\"1 minuta\" \/>\n<script type=\"application\/ld+json\" class=\"yoast-schema-graph\">{\"@context\":\"https:\/\/schema.org\",\"@graph\":[{\"@type\":\"WebPage\",\"@id\":\"https:\/\/kazaroo.pl\/shop\/formularz-zwrotu\/\",\"url\":\"https:\/\/kazaroo.pl\/shop\/formularz-zwrotu\/\",\"name\":\"Formularz zwrotu - Kazaroo - nowy wymiar zdobienia\",\"isPartOf\":{\"@id\":\"https:\/\/kazaroo.pl\/shop\/#website\"},\"datePublished\":\"2024-10-29T17:31:48+00:00\",\"dateModified\":\"2024-10-29T17:31:48+00:00\",\"breadcrumb\":{\"@id\":\"https:\/\/kazaroo.pl\/shop\/formularz-zwrotu\/#breadcrumb\"},\"inLanguage\":\"pl-PL\",\"potentialAction\":[{\"@type\":\"ReadAction\",\"target\":[\"https:\/\/kazaroo.pl\/shop\/formularz-zwrotu\/\"]}]},{\"@type\":\"BreadcrumbList\",\"@id\":\"https:\/\/kazaroo.pl\/shop\/formularz-zwrotu\/#breadcrumb\",\"itemListElement\":[{\"@type\":\"ListItem\",\"position\":1,\"name\":\"Strona g\u0142\u00f3wna\",\"item\":\"https:\/\/kazaroo.pl\/shop\/\"},{\"@type\":\"ListItem\",\"position\":2,\"name\":\"Formularz zwrotu\"}]},{\"@type\":\"WebSite\",\"@id\":\"https:\/\/kazaroo.pl\/shop\/#website\",\"url\":\"https:\/\/kazaroo.pl\/shop\/\",\"name\":\"Kazaroo - nowy wymiar zdobienia\",\"description\":\"Wzory \",\"publisher\":{\"@id\":\"https:\/\/kazaroo.pl\/shop\/#organization\"},\"potentialAction\":[{\"@type\":\"SearchAction\",\"target\":{\"@type\":\"EntryPoint\",\"urlTemplate\":\"https:\/\/kazaroo.pl\/shop\/?s={search_term_string}\"},\"query-input\":{\"@type\":\"PropertyValueSpecification\",\"valueRequired\":true,\"valueName\":\"search_term_string\"}}],\"inLanguage\":\"pl-PL\"},{\"@type\":\"Organization\",\"@id\":\"https:\/\/kazaroo.pl\/shop\/#organization\",\"name\":\"Kazaroo - motywy d\u017cetowe | druk dtf | znakowanie foli\u0105 flex i flock\",\"url\":\"https:\/\/kazaroo.pl\/shop\/\",\"logo\":{\"@type\":\"ImageObject\",\"inLanguage\":\"pl-PL\",\"@id\":\"https:\/\/kazaroo.pl\/shop\/#\/schema\/logo\/image\/\",\"url\":\"https:\/\/kazaroo.pl\/shop\/wp-content\/uploads\/2021\/07\/Kazaroo-logo-fina-05.svg\",\"contentUrl\":\"https:\/\/kazaroo.pl\/shop\/wp-content\/uploads\/2021\/07\/Kazaroo-logo-fina-05.svg\",\"width\":116,\"height\":97,\"caption\":\"Kazaroo - motywy d\u017cetowe | druk dtf | znakowanie foli\u0105 flex i flock\"},\"image\":{\"@id\":\"https:\/\/kazaroo.pl\/shop\/#\/schema\/logo\/image\/\"},\"sameAs\":[\"https:\/\/www.instagram.com\/kazaroo_shop\"]}]}<\/script>\n<!-- \/ Yoast SEO plugin. -->","yoast_head_json":{"title":"Formularz zwrotu - Kazaroo - nowy wymiar zdobienia","robots":{"index":"index","follow":"follow","max-snippet":"max-snippet:-1","max-image-preview":"max-image-preview:large","max-video-preview":"max-video-preview:-1"},"canonical":"https:\/\/kazaroo.pl\/shop\/formularz-zwrotu\/","og_locale":"pl_PL","og_type":"article","og_title":"Formularz zwrotu - Kazaroo - nowy wymiar zdobienia","og_url":"https:\/\/kazaroo.pl\/shop\/formularz-zwrotu\/","og_site_name":"Kazaroo - nowy wymiar zdobienia","twitter_card":"summary_large_image","twitter_misc":{"Szacowany czas czytania":"1 minuta"},"schema":{"@context":"https:\/\/schema.org","@graph":[{"@type":"WebPage","@id":"https:\/\/kazaroo.pl\/shop\/formularz-zwrotu\/","url":"https:\/\/kazaroo.pl\/shop\/formularz-zwrotu\/","name":"Formularz zwrotu - Kazaroo - nowy wymiar zdobienia","isPartOf":{"@id":"https:\/\/kazaroo.pl\/shop\/#website"},"datePublished":"2024-10-29T17:31:48+00:00","dateModified":"2024-10-29T17:31:48+00:00","breadcrumb":{"@id":"https:\/\/kazaroo.pl\/shop\/formularz-zwrotu\/#breadcrumb"},"inLanguage":"pl-PL","potentialAction":[{"@type":"ReadAction","target":["https:\/\/kazaroo.pl\/shop\/formularz-zwrotu\/"]}]},{"@type":"BreadcrumbList","@id":"https:\/\/kazaroo.pl\/shop\/formularz-zwrotu\/#breadcrumb","itemListElement":[{"@type":"ListItem","position":1,"name":"Strona g\u0142\u00f3wna","item":"https:\/\/kazaroo.pl\/shop\/"},{"@type":"ListItem","position":2,"name":"Formularz zwrotu"}]},{"@type":"WebSite","@id":"https:\/\/kazaroo.pl\/shop\/#website","url":"https:\/\/kazaroo.pl\/shop\/","name":"Kazaroo - nowy wymiar zdobienia","description":"Wzory ","publisher":{"@id":"https:\/\/kazaroo.pl\/shop\/#organization"},"potentialAction":[{"@type":"SearchAction","target":{"@type":"EntryPoint","urlTemplate":"https:\/\/kazaroo.pl\/shop\/?s={search_term_string}"},"query-input":{"@type":"PropertyValueSpecification","valueRequired":true,"valueName":"search_term_string"}}],"inLanguage":"pl-PL"},{"@type":"Organization","@id":"https:\/\/kazaroo.pl\/shop\/#organization","name":"Kazaroo - motywy d\u017cetowe | druk dtf | znakowanie foli\u0105 flex i flock","url":"https:\/\/kazaroo.pl\/shop\/","logo":{"@type":"ImageObject","inLanguage":"pl-PL","@id":"https:\/\/kazaroo.pl\/shop\/#\/schema\/logo\/image\/","url":"https:\/\/kazaroo.pl\/shop\/wp-content\/uploads\/2021\/07\/Kazaroo-logo-fina-05.svg","contentUrl":"https:\/\/kazaroo.pl\/shop\/wp-content\/uploads\/2021\/07\/Kazaroo-logo-fina-05.svg","width":116,"height":97,"caption":"Kazaroo - motywy d\u017cetowe | druk dtf | znakowanie foli\u0105 flex i flock"},"image":{"@id":"https:\/\/kazaroo.pl\/shop\/#\/schema\/logo\/image\/"},"sameAs":["https:\/\/www.instagram.com\/kazaroo_shop"]}]}},"_links":{"self":[{"href":"https:\/\/kazaroo.pl\/shop\/wp-json\/wp\/v2\/pages\/3098","targetHints":{"allow":["GET"]}}],"collection":[{"href":"https:\/\/kazaroo.pl\/shop\/wp-json\/wp\/v2\/pages"}],"about":[{"href":"https:\/\/kazaroo.pl\/shop\/wp-json\/wp\/v2\/types\/page"}],"author":[{"embeddable":true,"href":"https:\/\/kazaroo.pl\/shop\/wp-json\/wp\/v2\/users\/1"}],"replies":[{"embeddable":true,"href":"https:\/\/kazaroo.pl\/shop\/wp-json\/wp\/v2\/comments?post=3098"}],"version-history":[{"count":1,"href":"https:\/\/kazaroo.pl\/shop\/wp-json\/wp\/v2\/pages\/3098\/revisions"}],"predecessor-version":[{"id":3099,"href":"https:\/\/kazaroo.pl\/shop\/wp-json\/wp\/v2\/pages\/3098\/revisions\/3099"}],"wp:attachment":[{"href":"https:\/\/kazaroo.pl\/shop\/wp-json\/wp\/v2\/media?parent=3098"}],"curies":[{"name":"wp","href":"https:\/\/api.w.org\/{rel}","templated":true}]}}