{"id":1090,"date":"2023-04-26T17:42:05","date_gmt":"2023-04-26T15:42:05","guid":{"rendered":"https:\/\/kazaroo.pl\/shop\/?page_id=1090"},"modified":"2025-02-22T16:20:26","modified_gmt":"2025-02-22T15:20:26","slug":"o-kazaroo","status":"publish","type":"page","link":"https:\/\/kazaroo.pl\/shop\/o-kazaroo\/","title":{"rendered":"Nasza wizja"},"content":{"rendered":"\n<p>\u201ePoznaj now\u0105 mark\u0119, kt\u00f3ra prze\u0142amuje granice kreacji\u201d<\/p>\n\n\n\n<p>Zapomnij o masowej modzie i powtarzalnych wzorach. <strong>Kazaroo<\/strong> to nowy spos\u00f3b na wyra\u017cenie siebie poprzez ubrania. Je\u015bli chcesz nosi\u0107 co\u015b, co naprawd\u0119 pasuje do Twojej osobowo\u015bci, zamiast wybiera\u0107 spo\u015br\u00f3d gotowych projekt\u00f3w, <strong>stw\u00f3rz w\u0142asny wz\u00f3r<\/strong> i nadaj mu unikalny charakter.<\/p>\n\n\n\n<h3 class=\"wp-block-heading\"><strong>Zaprojektuj i no\u015b to, co lubisz<\/strong><\/h3>\n\n\n\n<p>W Kazaroo nie jeste\u015b ograniczony do jednej techniki czy stylu. Tworzymy <strong>nowoczesne wzory do personalizacji odzie\u017cy<\/strong>, wykorzystuj\u0105c:<br>\ud83c\udfa8 <strong>D\u017cety hot-fix<\/strong> \u2013 b\u0142yszcz\u0105ce aplikacje, kt\u00f3re dodaj\u0105 ubraniom charakteru,<br>\ud83d\udda8 <strong>Druk cyfrowy DTF<\/strong> \u2013 trwa\u0142e, pe\u0142nokolorowe grafiki z perfekcyjnymi detalami,<br>\u2702 <strong>Folia flex i flock<\/strong> \u2013 precyzyjne wycinanie wzor\u00f3w dla eleganckiego efektu.<\/p>\n\n\n\n<p>Nie musisz by\u0107 grafikiem, ani inwestowa\u0107 w kosztowny sprz\u0119t \u2013 <strong>my dajemy Ci narz\u0119dzia, Ty decydujesz o efekcie<\/strong>.<\/p>\n\n\n\n<h3 class=\"wp-block-heading\"><strong>Dla kogo jest Kazaroo?<\/strong><\/h3>\n\n\n\n<p>\u2714 Je\u015bli masz do\u015b\u0107 sztampowych nadruk\u00f3w z sieci\u00f3wek i chcesz czego\u015b oryginalnego,<br>\u2714 Je\u015bli lubisz eksperymentowa\u0107 i wyra\u017ca\u0107 siebie poprzez mod\u0119,<br>\u2714 Je\u015bli szukasz <strong>trwa\u0142ej, profesjonalnej jako\u015bci nadruku na ubraniach<\/strong>,<\/p>\n\n\n\n<p><strong>Kazaroo to rozwi\u0105zanie dla Ciebie<\/strong>. Tw\u00f3rz wzory, kt\u00f3re oddaj\u0105 Tw\u00f3j styl.<\/p>\n\n\n\n<p>\ud83d\udd39 <strong>Wejd\u017a do \u015bwiata Kazaroo i poka\u017c, kim jeste\u015b!<\/strong> \ud83d\ude80<\/p>\n\n\n\n<p><\/p>\n\n\n\n<p><\/p>\n","protected":false},"excerpt":{"rendered":"<p>\u201ePoznaj now\u0105 mark\u0119, kt\u00f3ra prze\u0142amuje granice kreacji\u201d Zapomnij o masowej modzie i powtarzalnych wzorach. Kazaroo to nowy spos\u00f3b na wyra\u017cenie siebie poprzez ubrania. Je\u015bli chcesz nosi\u0107 co\u015b, co naprawd\u0119 pasuje do Twojej osobowo\u015bci, zamiast wybiera\u0107 spo\u015br\u00f3d gotowych projekt\u00f3w, stw\u00f3rz w\u0142asny wz\u00f3r i nadaj mu unikalny charakter. Zaprojektuj i no\u015b to, co lubisz W Kazaroo nie &hellip;<\/p>\n<p class=\"read-more\"> <a class=\"\" href=\"https:\/\/kazaroo.pl\/shop\/o-kazaroo\/\"> <span class=\"screen-reader-text\">Nasza wizja<\/span> Read More &raquo;<\/a><\/p>\n","protected":false},"author":1,"featured_media":0,"parent":0,"menu_order":0,"comment_status":"closed","ping_status":"closed","template":"","meta":{"site-sidebar-layout":"default","site-content-layout":"default","ast-global-header-display":"","ast-main-header-display":"","ast-hfb-above-header-display":"","ast-hfb-below-header-display":"","ast-hfb-mobile-header-display":"","site-post-title":"","ast-breadcrumbs-content":"","ast-featured-img":"","footer-sml-layout":"","theme-transparent-header-meta":"","adv-header-id-meta":"","stick-header-meta":"","header-above-stick-meta":"","header-main-stick-meta":"","header-below-stick-meta":"","footnotes":""},"class_list":["post-1090","page","type-page","status-publish","hentry"],"yoast_head":"<!-- This site is optimized with the Yoast SEO plugin v23.5 - https:\/\/yoast.com\/wordpress\/plugins\/seo\/ -->\n<title>Nasza wizja - Kazaroo - nowy wymiar zdobienia<\/title>\n<meta name=\"description\" content=\"Unikalne ubrania dzi\u0119ki nadrukom DTF, d\u017cetom hot-fix i foliom flex &amp; flock. Wyra\u017a sw\u00f3j styl bez ogranicze\u0144!\" \/>\n<meta name=\"robots\" content=\"index, follow, max-snippet:-1, max-image-preview:large, max-video-preview:-1\" \/>\n<link rel=\"canonical\" href=\"https:\/\/kazaroo.pl\/shop\/o-kazaroo\/\" \/>\n<meta property=\"og:locale\" content=\"pl_PL\" \/>\n<meta property=\"og:type\" content=\"article\" \/>\n<meta property=\"og:title\" content=\"Nasza wizja - Kazaroo - nowy wymiar zdobienia\" \/>\n<meta property=\"og:description\" content=\"Unikalne ubrania dzi\u0119ki nadrukom DTF, d\u017cetom hot-fix i foliom flex &amp; flock. Wyra\u017a sw\u00f3j styl bez ogranicze\u0144!\" \/>\n<meta property=\"og:url\" content=\"https:\/\/kazaroo.pl\/shop\/o-kazaroo\/\" \/>\n<meta property=\"og:site_name\" content=\"Kazaroo - nowy wymiar zdobienia\" \/>\n<meta property=\"article:modified_time\" content=\"2025-02-22T15:20:26+00:00\" \/>\n<meta name=\"twitter:card\" content=\"summary_large_image\" \/>\n<meta name=\"twitter:label1\" content=\"Szacowany czas czytania\" \/>\n\t<meta name=\"twitter:data1\" content=\"2 minuty\" \/>\n<script type=\"application\/ld+json\" class=\"yoast-schema-graph\">{\"@context\":\"https:\/\/schema.org\",\"@graph\":[{\"@type\":\"WebPage\",\"@id\":\"https:\/\/kazaroo.pl\/shop\/o-kazaroo\/\",\"url\":\"https:\/\/kazaroo.pl\/shop\/o-kazaroo\/\",\"name\":\"Nasza wizja - Kazaroo - nowy wymiar zdobienia\",\"isPartOf\":{\"@id\":\"https:\/\/kazaroo.pl\/shop\/#website\"},\"datePublished\":\"2023-04-26T15:42:05+00:00\",\"dateModified\":\"2025-02-22T15:20:26+00:00\",\"description\":\"Unikalne ubrania dzi\u0119ki nadrukom DTF, d\u017cetom hot-fix i foliom flex & flock. Wyra\u017a sw\u00f3j styl bez ogranicze\u0144!\",\"breadcrumb\":{\"@id\":\"https:\/\/kazaroo.pl\/shop\/o-kazaroo\/#breadcrumb\"},\"inLanguage\":\"pl-PL\",\"potentialAction\":[{\"@type\":\"ReadAction\",\"target\":[\"https:\/\/kazaroo.pl\/shop\/o-kazaroo\/\"]}]},{\"@type\":\"BreadcrumbList\",\"@id\":\"https:\/\/kazaroo.pl\/shop\/o-kazaroo\/#breadcrumb\",\"itemListElement\":[{\"@type\":\"ListItem\",\"position\":1,\"name\":\"Strona g\u0142\u00f3wna\",\"item\":\"https:\/\/kazaroo.pl\/shop\/\"},{\"@type\":\"ListItem\",\"position\":2,\"name\":\"Nasza wizja\"}]},{\"@type\":\"WebSite\",\"@id\":\"https:\/\/kazaroo.pl\/shop\/#website\",\"url\":\"https:\/\/kazaroo.pl\/shop\/\",\"name\":\"Kazaroo - nowy wymiar zdobienia\",\"description\":\"Wzory \",\"publisher\":{\"@id\":\"https:\/\/kazaroo.pl\/shop\/#organization\"},\"potentialAction\":[{\"@type\":\"SearchAction\",\"target\":{\"@type\":\"EntryPoint\",\"urlTemplate\":\"https:\/\/kazaroo.pl\/shop\/?s={search_term_string}\"},\"query-input\":{\"@type\":\"PropertyValueSpecification\",\"valueRequired\":true,\"valueName\":\"search_term_string\"}}],\"inLanguage\":\"pl-PL\"},{\"@type\":\"Organization\",\"@id\":\"https:\/\/kazaroo.pl\/shop\/#organization\",\"name\":\"Kazaroo - motywy d\u017cetowe | druk dtf | znakowanie foli\u0105 flex i flock\",\"url\":\"https:\/\/kazaroo.pl\/shop\/\",\"logo\":{\"@type\":\"ImageObject\",\"inLanguage\":\"pl-PL\",\"@id\":\"https:\/\/kazaroo.pl\/shop\/#\/schema\/logo\/image\/\",\"url\":\"https:\/\/kazaroo.pl\/shop\/wp-content\/uploads\/2021\/07\/Kazaroo-logo-fina-05.svg\",\"contentUrl\":\"https:\/\/kazaroo.pl\/shop\/wp-content\/uploads\/2021\/07\/Kazaroo-logo-fina-05.svg\",\"width\":116,\"height\":97,\"caption\":\"Kazaroo - motywy d\u017cetowe | druk dtf | znakowanie foli\u0105 flex i flock\"},\"image\":{\"@id\":\"https:\/\/kazaroo.pl\/shop\/#\/schema\/logo\/image\/\"},\"sameAs\":[\"https:\/\/www.instagram.com\/kazaroo_shop\"]}]}<\/script>\n<!-- \/ Yoast SEO plugin. -->","yoast_head_json":{"title":"Nasza wizja - Kazaroo - nowy wymiar zdobienia","description":"Unikalne ubrania dzi\u0119ki nadrukom DTF, d\u017cetom hot-fix i foliom flex & flock. Wyra\u017a sw\u00f3j styl bez ogranicze\u0144!","robots":{"index":"index","follow":"follow","max-snippet":"max-snippet:-1","max-image-preview":"max-image-preview:large","max-video-preview":"max-video-preview:-1"},"canonical":"https:\/\/kazaroo.pl\/shop\/o-kazaroo\/","og_locale":"pl_PL","og_type":"article","og_title":"Nasza wizja - Kazaroo - nowy wymiar zdobienia","og_description":"Unikalne ubrania dzi\u0119ki nadrukom DTF, d\u017cetom hot-fix i foliom flex & flock. Wyra\u017a sw\u00f3j styl bez ogranicze\u0144!","og_url":"https:\/\/kazaroo.pl\/shop\/o-kazaroo\/","og_site_name":"Kazaroo - nowy wymiar zdobienia","article_modified_time":"2025-02-22T15:20:26+00:00","twitter_card":"summary_large_image","twitter_misc":{"Szacowany czas czytania":"2 minuty"},"schema":{"@context":"https:\/\/schema.org","@graph":[{"@type":"WebPage","@id":"https:\/\/kazaroo.pl\/shop\/o-kazaroo\/","url":"https:\/\/kazaroo.pl\/shop\/o-kazaroo\/","name":"Nasza wizja - Kazaroo - nowy wymiar zdobienia","isPartOf":{"@id":"https:\/\/kazaroo.pl\/shop\/#website"},"datePublished":"2023-04-26T15:42:05+00:00","dateModified":"2025-02-22T15:20:26+00:00","description":"Unikalne ubrania dzi\u0119ki nadrukom DTF, d\u017cetom hot-fix i foliom flex & flock. Wyra\u017a sw\u00f3j styl bez ogranicze\u0144!","breadcrumb":{"@id":"https:\/\/kazaroo.pl\/shop\/o-kazaroo\/#breadcrumb"},"inLanguage":"pl-PL","potentialAction":[{"@type":"ReadAction","target":["https:\/\/kazaroo.pl\/shop\/o-kazaroo\/"]}]},{"@type":"BreadcrumbList","@id":"https:\/\/kazaroo.pl\/shop\/o-kazaroo\/#breadcrumb","itemListElement":[{"@type":"ListItem","position":1,"name":"Strona g\u0142\u00f3wna","item":"https:\/\/kazaroo.pl\/shop\/"},{"@type":"ListItem","position":2,"name":"Nasza wizja"}]},{"@type":"WebSite","@id":"https:\/\/kazaroo.pl\/shop\/#website","url":"https:\/\/kazaroo.pl\/shop\/","name":"Kazaroo - nowy wymiar zdobienia","description":"Wzory ","publisher":{"@id":"https:\/\/kazaroo.pl\/shop\/#organization"},"potentialAction":[{"@type":"SearchAction","target":{"@type":"EntryPoint","urlTemplate":"https:\/\/kazaroo.pl\/shop\/?s={search_term_string}"},"query-input":{"@type":"PropertyValueSpecification","valueRequired":true,"valueName":"search_term_string"}}],"inLanguage":"pl-PL"},{"@type":"Organization","@id":"https:\/\/kazaroo.pl\/shop\/#organization","name":"Kazaroo - motywy d\u017cetowe | druk dtf | znakowanie foli\u0105 flex i flock","url":"https:\/\/kazaroo.pl\/shop\/","logo":{"@type":"ImageObject","inLanguage":"pl-PL","@id":"https:\/\/kazaroo.pl\/shop\/#\/schema\/logo\/image\/","url":"https:\/\/kazaroo.pl\/shop\/wp-content\/uploads\/2021\/07\/Kazaroo-logo-fina-05.svg","contentUrl":"https:\/\/kazaroo.pl\/shop\/wp-content\/uploads\/2021\/07\/Kazaroo-logo-fina-05.svg","width":116,"height":97,"caption":"Kazaroo - motywy d\u017cetowe | druk dtf | znakowanie foli\u0105 flex i flock"},"image":{"@id":"https:\/\/kazaroo.pl\/shop\/#\/schema\/logo\/image\/"},"sameAs":["https:\/\/www.instagram.com\/kazaroo_shop"]}]}},"_links":{"self":[{"href":"https:\/\/kazaroo.pl\/shop\/wp-json\/wp\/v2\/pages\/1090","targetHints":{"allow":["GET"]}}],"collection":[{"href":"https:\/\/kazaroo.pl\/shop\/wp-json\/wp\/v2\/pages"}],"about":[{"href":"https:\/\/kazaroo.pl\/shop\/wp-json\/wp\/v2\/types\/page"}],"author":[{"embeddable":true,"href":"https:\/\/kazaroo.pl\/shop\/wp-json\/wp\/v2\/users\/1"}],"replies":[{"embeddable":true,"href":"https:\/\/kazaroo.pl\/shop\/wp-json\/wp\/v2\/comments?post=1090"}],"version-history":[{"count":7,"href":"https:\/\/kazaroo.pl\/shop\/wp-json\/wp\/v2\/pages\/1090\/revisions"}],"predecessor-version":[{"id":3834,"href":"https:\/\/kazaroo.pl\/shop\/wp-json\/wp\/v2\/pages\/1090\/revisions\/3834"}],"wp:attachment":[{"href":"https:\/\/kazaroo.pl\/shop\/wp-json\/wp\/v2\/media?parent=1090"}],"curies":[{"name":"wp","href":"https:\/\/api.w.org\/{rel}","templated":true}]}}